{"id":1757,"date":"2025-11-17T14:27:08","date_gmt":"2025-11-17T13:27:08","guid":{"rendered":"https:\/\/hospitality-leaders-club.com\/?page_id=1757"},"modified":"2025-11-20T08:11:24","modified_gmt":"2025-11-20T07:11:24","slug":"legal-notice","status":"publish","type":"page","link":"https:\/\/hospitality-leaders-club.com\/index.php\/legal-notice\/","title":{"rendered":"Legal Notice \/ Imprint"},"content":{"rendered":"\n<h1 class=\"wp-block-heading\"><strong>Legal Notice \/ Imprint (Impressum)<\/strong><\/h1>\n\n\n\n<p>This website is operated by<br><strong>Between Forks e. U.<\/strong><br>Engerthstra\u00dfe 152 Stiege 4 Top 1<br>1020 Vienna<br>Austria<\/p>\n\n\n\n<p>Email: <a>hello@hospitality-leaders-club.com<\/a><\/p>\n\n\n\n<p>Owner and CEO<br><strong>Ver\u00f3nica S\u00e1nchez Mart\u00edn<\/strong><\/p>\n\n\n\n<h2 class=\"wp-block-heading\">Company Information<\/h2>\n\n\n\n<p>Between Forks e. U. is registered as a sole proprietorship in Vienna.<br>Registration Court<br>Wiener Handelsgericht Vienna Commercial Court<br>Company Registration Number<br>Please insert once available<\/p>\n\n\n\n<p>VAT Number<br>Please insert if applicable<\/p>\n\n\n\n<p>Business Purpose<br>Consulting and advisory services in Employee Experience for hospitality organisations, leadership development, training services, community building and the organisation of events and educational activities within the hospitality sector.<\/p>\n\n\n\n<p>Responsible for the Content according to section 18 paragraph 2 of the Austrian Media Act<br><strong>Ver\u00f3nica S\u00e1nchez Mart\u00edn<\/strong><\/p>\n\n\n\n<h2 class=\"wp-block-heading\">Copyright<\/h2>\n\n\n\n<p>All texts, images, graphics and media on this website are protected by copyright. Any kind of reproduction, distribution or modification requires the prior written consent of Between Forks e. U. No content may be reused without permission.<\/p>\n\n\n\n<h2 class=\"wp-block-heading\">Disclaimer<\/h2>\n\n\n\n<p>All content on this website has been created with great care. Despite this, Between Forks e. U. does not accept any liability for accuracy, completeness or timeliness.<br>This website contains links to external websites. We have no influence over the content of these external pages and cannot assume any responsibility for them. The providers or operators of those websites are solely responsible for their content.<\/p>\n\n\n\n<h2 class=\"wp-block-heading\">Hosting Provider<\/h2>\n\n\n\n<p>Please insert the name and address of your hosting provider once confirmed.<\/p>\n\n\n\n<h2 class=\"wp-block-heading\">Contact for Legal Enquiries<\/h2>\n\n\n\n<p>For any enquiries related to legal matters, data protection or website content, please contact us at<br><a>hello@hospitality-leaders-club.com<\/a><\/p>\n","protected":false},"excerpt":{"rendered":"<p>Legal Notice \/ Imprint (Impressum) This website is operated byBetween Forks e. U.Engerthstra\u00dfe 152 Stiege 4 Top 11020 ViennaAustria Email: hello@hospitality-leaders-club.com Owner and CEOVer\u00f3nica S\u00e1nchez Mart\u00edn Company Information Between Forks&#8230;<\/p>\n","protected":false},"author":1,"featured_media":0,"parent":0,"menu_order":0,"comment_status":"closed","ping_status":"closed","template":"","meta":{"om_disable_all_campaigns":false,"_monsterinsights_skip_tracking":false,"_monsterinsights_sitenote_active":false,"_monsterinsights_sitenote_note":"","_monsterinsights_sitenote_category":0,"_EventAllDay":false,"_EventTimezone":"","_EventStartDate":"","_EventEndDate":"","_EventStartDateUTC":"","_EventEndDateUTC":"","_EventShowMap":false,"_EventShowMapLink":false,"_EventURL":"","_EventCost":"","_EventCostDescription":"","_EventCurrencySymbol":"","_EventCurrencyCode":"","_EventCurrencyPosition":"","_EventDateTimeSeparator":"","_EventTimeRangeSeparator":"","_EventOrganizerID":[],"_EventVenueID":[],"_OrganizerEmail":"","_OrganizerPhone":"","_OrganizerWebsite":"","_VenueAddress":"","_VenueCity":"","_VenueCountry":"","_VenueProvince":"","_VenueState":"","_VenueZip":"","_VenuePhone":"","_VenueURL":"","_VenueStateProvince":"","_VenueLat":"","_VenueLng":"","_VenueShowMap":false,"_VenueShowMapLink":false,"_kad_post_transparent":"","_kad_post_title":"","_kad_post_layout":"normal","_kad_post_sidebar_id":"","_kad_post_content_style":"","_kad_post_vertical_padding":"","_kad_post_feature":"","_kad_post_feature_position":"","_kad_post_header":false,"_kad_post_footer":false,"_kad_post_classname":"","footnotes":""},"class_list":["post-1757","page","type-page","status-publish","hentry"],"aioseo_notices":[],"_links":{"self":[{"href":"https:\/\/hospitality-leaders-club.com\/index.php\/wp-json\/wp\/v2\/pages\/1757","targetHints":{"allow":["GET"]}}],"collection":[{"href":"https:\/\/hospitality-leaders-club.com\/index.php\/wp-json\/wp\/v2\/pages"}],"about":[{"href":"https:\/\/hospitality-leaders-club.com\/index.php\/wp-json\/wp\/v2\/types\/page"}],"author":[{"embeddable":true,"href":"https:\/\/hospitality-leaders-club.com\/index.php\/wp-json\/wp\/v2\/users\/1"}],"replies":[{"embeddable":true,"href":"https:\/\/hospitality-leaders-club.com\/index.php\/wp-json\/wp\/v2\/comments?post=1757"}],"version-history":[{"count":4,"href":"https:\/\/hospitality-leaders-club.com\/index.php\/wp-json\/wp\/v2\/pages\/1757\/revisions"}],"predecessor-version":[{"id":1969,"href":"https:\/\/hospitality-leaders-club.com\/index.php\/wp-json\/wp\/v2\/pages\/1757\/revisions\/1969"}],"wp:attachment":[{"href":"https:\/\/hospitality-leaders-club.com\/index.php\/wp-json\/wp\/v2\/media?parent=1757"}],"curies":[{"name":"wp","href":"https:\/\/api.w.org\/{rel}","templated":true}]}}